{"id":20109,"date":"2026-04-29T15:10:04","date_gmt":"2026-04-29T13:10:04","guid":{"rendered":"https:\/\/careista.ch\/?post_type=product&#038;p=20109"},"modified":"2026-04-29T15:52:02","modified_gmt":"2026-04-29T13:52:02","slug":"edelwhite-perio-balance-interdental-spray-50ml","status":"publish","type":"product","link":"https:\/\/careista.ch\/fr\/produkte\/soins-buccaux-fr\/divers-soins-buccaux-fr\/edelwhite-perio-balance-interdental-spray-50ml\/","title":{"rendered":"EDELWHITE Perio Balance Interdental Spray 50ml"},"content":{"rendered":"","protected":false},"excerpt":{"rendered":"<p><strong>Pr\u00e4zision trifft Pflege \u2013 Das neue Perio Balance Spray<\/strong><\/p>\n<p>Das innovative Interdental- und Zahnfleischsaum-Spray wurde f\u00fcr die gezielte und hocheffiziente Kontrolle von Biofilm entwickelt und ist dein Spezialist f\u00fcr die Pflege des oralen Mikrobioms. Ob bei akuten Reizungen oder zur intensiven Pflege nach zahn\u00e4rztlichen Behandlungen \u2013 dieses innovative Spray liefert pr\u00e4zise Pflege f\u00fcr schwer erreichbare Stellen.<\/p>\n<ul>\n<li><b data-path-to-node=\"7,0,0\" data-index-in-node=\"0\">Gezielte Biofilm-Kontrolle:<\/b> Bek\u00e4mpfung von Plaque-Bakterien am Zahnfleischsaum.<\/li>\n<li><b>Multitalent: <\/b>Ideal bei Zahnfleischentz\u00fcndungen oder nach professionellen Zahnreinigungen.<\/li>\n<li><b>Mikrobiom-Schutz: <\/b>Pflegt die guten Bakterien und bewahrt das orale Gleichgewicht.<\/li>\n<li><b>Innovative 360\u00b0-D\u00fcse: <\/b>Erreicht m\u00fchelos den Interdentalraum und schwer zug\u00e4ngliche Stellen.<\/li>\n<li><b data-path-to-node=\"7,4,0\" data-index-in-node=\"0\">Ideal f\u00fcr unterwegs:<\/b> Schnelle und hygienische Anwendung ohne Aussp\u00fclen.<\/li>\n<li style=\"list-style-type: none;\"><\/li>\n<\/ul>\n<p><i>Inhalt: 1 Spray 50 ml<\/i><\/p>\n","protected":false},"featured_media":20117,"comment_status":"closed","ping_status":"closed","template":"","meta":{"_acf_changed":false},"anwendung-kategorie":[],"anwendung":[242,243,244],"product_brand":[129],"product_cat":[81],"product_tag":[],"class_list":{"0":"post-20109","1":"product","2":"type-product","3":"status-publish","4":"has-post-thumbnail","6":"anwendung-gesundes-zahnfleisch","7":"anwendung-reisen","8":"anwendung-repair","9":"product_brand-edelwhite","10":"product_cat-diverse-mundpflege","12":"first","13":"instock","14":"taxable","15":"shipping-taxable","16":"purchasable","17":"product-type-simple"},"acf":[],"yoast_head":"<!-- This site is optimized with the Yoast SEO plugin v27.2 - https:\/\/yoast.com\/product\/yoast-seo-wordpress\/ -->\n<title>EDELWHITE Perio Balance Interdental Spray 50ml - CAREISTA<\/title>\n<meta name=\"robots\" content=\"index, follow, max-snippet:-1, max-image-preview:large, max-video-preview:-1\" \/>\n<link rel=\"canonical\" href=\"https:\/\/careista.ch\/fr\/produkte\/soins-buccaux-fr\/divers-soins-buccaux-fr\/edelwhite-perio-balance-interdental-spray-50ml\/\" \/>\n<meta property=\"og:locale\" content=\"fr_FR\" \/>\n<meta property=\"og:type\" content=\"article\" \/>\n<meta property=\"og:title\" content=\"EDELWHITE Perio Balance Interdental Spray 50ml - CAREISTA\" \/>\n<meta property=\"og:description\" content=\"Pr\u00e4zision trifft Pflege \u2013 Das neue Perio Balance Spray  Das innovative Interdental- und Zahnfleischsaum-Spray wurde f\u00fcr die gezielte und hocheffiziente Kontrolle von Biofilm entwickelt und ist dein Spezialist f\u00fcr die Pflege des oralen Mikrobioms. Ob bei akuten Reizungen oder zur intensiven Pflege nach zahn\u00e4rztlichen Behandlungen \u2013 dieses innovative Spray liefert pr\u00e4zise Pflege f\u00fcr schwer erreichbare Stellen.   Gezielte Biofilm-Kontrolle: Bek\u00e4mpfung von Plaque-Bakterien am Zahnfleischsaum.  Multitalent: Ideal bei Zahnfleischentz\u00fcndungen oder nach professionellen Zahnreinigungen.  Mikrobiom-Schutz: Pflegt die guten Bakterien und bewahrt das orale Gleichgewicht.  Innovative 360\u00b0-D\u00fcse: Erreicht m\u00fchelos den Interdentalraum und schwer zug\u00e4ngliche Stellen.  Ideal f\u00fcr unterwegs: Schnelle und hygienische Anwendung ohne Aussp\u00fclen.    Inhalt: 1 Spray 50 ml\" \/>\n<meta property=\"og:url\" content=\"https:\/\/careista.ch\/fr\/produkte\/soins-buccaux-fr\/divers-soins-buccaux-fr\/edelwhite-perio-balance-interdental-spray-50ml\/\" \/>\n<meta property=\"og:site_name\" content=\"CAREISTA\" \/>\n<meta property=\"article:modified_time\" content=\"2026-04-29T13:52:02+00:00\" \/>\n<meta property=\"og:image\" content=\"https:\/\/careista.ch\/wp-content\/uploads\/2026\/04\/500533-Perio-Balance-Interdental-Spray-50ml-800x800px-1.png\" \/>\n\t<meta property=\"og:image:width\" content=\"800\" \/>\n\t<meta property=\"og:image:height\" content=\"800\" \/>\n\t<meta property=\"og:image:type\" content=\"image\/png\" \/>\n<meta name=\"twitter:card\" content=\"summary_large_image\" \/>\n<meta name=\"twitter:label1\" content=\"Dur\u00e9e de lecture estim\u00e9e\" \/>\n\t<meta name=\"twitter:data1\" content=\"1 minute\" \/>\n<script type=\"application\/ld+json\" class=\"yoast-schema-graph\">{\"@context\":\"https:\/\/schema.org\",\"@graph\":[{\"@type\":\"WebPage\",\"@id\":\"https:\/\/careista.ch\/fr\/produkte\/soins-buccaux-fr\/divers-soins-buccaux-fr\/edelwhite-perio-balance-interdental-spray-50ml\/\",\"url\":\"https:\/\/careista.ch\/fr\/produkte\/soins-buccaux-fr\/divers-soins-buccaux-fr\/edelwhite-perio-balance-interdental-spray-50ml\/\",\"name\":\"EDELWHITE Perio Balance Interdental Spray 50ml - CAREISTA\",\"isPartOf\":{\"@id\":\"https:\/\/careista.ch\/fr\/#website\"},\"primaryImageOfPage\":{\"@id\":\"https:\/\/careista.ch\/fr\/produkte\/soins-buccaux-fr\/divers-soins-buccaux-fr\/edelwhite-perio-balance-interdental-spray-50ml\/#primaryimage\"},\"image\":{\"@id\":\"https:\/\/careista.ch\/fr\/produkte\/soins-buccaux-fr\/divers-soins-buccaux-fr\/edelwhite-perio-balance-interdental-spray-50ml\/#primaryimage\"},\"thumbnailUrl\":\"https:\/\/careista.ch\/wp-content\/uploads\/2026\/04\/500533-Perio-Balance-Interdental-Spray-50ml-800x800px-1.png\",\"datePublished\":\"2026-04-29T13:10:04+00:00\",\"dateModified\":\"2026-04-29T13:52:02+00:00\",\"breadcrumb\":{\"@id\":\"https:\/\/careista.ch\/fr\/produkte\/soins-buccaux-fr\/divers-soins-buccaux-fr\/edelwhite-perio-balance-interdental-spray-50ml\/#breadcrumb\"},\"inLanguage\":\"fr-FR\",\"potentialAction\":[{\"@type\":\"ReadAction\",\"target\":[\"https:\/\/careista.ch\/fr\/produkte\/soins-buccaux-fr\/divers-soins-buccaux-fr\/edelwhite-perio-balance-interdental-spray-50ml\/\"]}]},{\"@type\":\"ImageObject\",\"inLanguage\":\"fr-FR\",\"@id\":\"https:\/\/careista.ch\/fr\/produkte\/soins-buccaux-fr\/divers-soins-buccaux-fr\/edelwhite-perio-balance-interdental-spray-50ml\/#primaryimage\",\"url\":\"https:\/\/careista.ch\/wp-content\/uploads\/2026\/04\/500533-Perio-Balance-Interdental-Spray-50ml-800x800px-1.png\",\"contentUrl\":\"https:\/\/careista.ch\/wp-content\/uploads\/2026\/04\/500533-Perio-Balance-Interdental-Spray-50ml-800x800px-1.png\",\"width\":800,\"height\":800},{\"@type\":\"BreadcrumbList\",\"@id\":\"https:\/\/careista.ch\/fr\/produkte\/soins-buccaux-fr\/divers-soins-buccaux-fr\/edelwhite-perio-balance-interdental-spray-50ml\/#breadcrumb\",\"itemListElement\":[{\"@type\":\"ListItem\",\"position\":1,\"name\":\"Home\",\"item\":\"https:\/\/careista.ch\/fr\/\"},{\"@type\":\"ListItem\",\"position\":2,\"name\":\"Shop\",\"item\":\"https:\/\/careista.ch\/fr\/shop\/\"},{\"@type\":\"ListItem\",\"position\":3,\"name\":\"EDELWHITE Perio Balance Interdental Spray 50ml\"}]},{\"@type\":\"WebSite\",\"@id\":\"https:\/\/careista.ch\/fr\/#website\",\"url\":\"https:\/\/careista.ch\/fr\/\",\"name\":\"CAREISTA\",\"description\":\"Dein pers\u00f6nlicher Pflege-Barista\",\"publisher\":{\"@id\":\"https:\/\/careista.ch\/fr\/#organization\"},\"potentialAction\":[{\"@type\":\"SearchAction\",\"target\":{\"@type\":\"EntryPoint\",\"urlTemplate\":\"https:\/\/careista.ch\/fr\/?s={search_term_string}\"},\"query-input\":{\"@type\":\"PropertyValueSpecification\",\"valueRequired\":true,\"valueName\":\"search_term_string\"}}],\"inLanguage\":\"fr-FR\"},{\"@type\":\"Organization\",\"@id\":\"https:\/\/careista.ch\/fr\/#organization\",\"name\":\"CAREISTA\",\"url\":\"https:\/\/careista.ch\/fr\/\",\"logo\":{\"@type\":\"ImageObject\",\"inLanguage\":\"fr-FR\",\"@id\":\"https:\/\/careista.ch\/fr\/#\/schema\/logo\/image\/\",\"url\":\"https:\/\/careista.ch\/wp-content\/uploads\/2025\/02\/Careista-Logo-S_rgb.svg.svg\",\"contentUrl\":\"https:\/\/careista.ch\/wp-content\/uploads\/2025\/02\/Careista-Logo-S_rgb.svg.svg\",\"caption\":\"CAREISTA\"},\"image\":{\"@id\":\"https:\/\/careista.ch\/fr\/#\/schema\/logo\/image\/\"}}]}<\/script>\n<!-- \/ Yoast SEO plugin. -->","yoast_head_json":{"title":"EDELWHITE Perio Balance Interdental Spray 50ml - CAREISTA","robots":{"index":"index","follow":"follow","max-snippet":"max-snippet:-1","max-image-preview":"max-image-preview:large","max-video-preview":"max-video-preview:-1"},"canonical":"https:\/\/careista.ch\/fr\/produkte\/soins-buccaux-fr\/divers-soins-buccaux-fr\/edelwhite-perio-balance-interdental-spray-50ml\/","og_locale":"fr_FR","og_type":"article","og_title":"EDELWHITE Perio Balance Interdental Spray 50ml - CAREISTA","og_description":"Pr\u00e4zision trifft Pflege \u2013 Das neue Perio Balance Spray  Das innovative Interdental- und Zahnfleischsaum-Spray wurde f\u00fcr die gezielte und hocheffiziente Kontrolle von Biofilm entwickelt und ist dein Spezialist f\u00fcr die Pflege des oralen Mikrobioms. Ob bei akuten Reizungen oder zur intensiven Pflege nach zahn\u00e4rztlichen Behandlungen \u2013 dieses innovative Spray liefert pr\u00e4zise Pflege f\u00fcr schwer erreichbare Stellen.   Gezielte Biofilm-Kontrolle: Bek\u00e4mpfung von Plaque-Bakterien am Zahnfleischsaum.  Multitalent: Ideal bei Zahnfleischentz\u00fcndungen oder nach professionellen Zahnreinigungen.  Mikrobiom-Schutz: Pflegt die guten Bakterien und bewahrt das orale Gleichgewicht.  Innovative 360\u00b0-D\u00fcse: Erreicht m\u00fchelos den Interdentalraum und schwer zug\u00e4ngliche Stellen.  Ideal f\u00fcr unterwegs: Schnelle und hygienische Anwendung ohne Aussp\u00fclen.    Inhalt: 1 Spray 50 ml","og_url":"https:\/\/careista.ch\/fr\/produkte\/soins-buccaux-fr\/divers-soins-buccaux-fr\/edelwhite-perio-balance-interdental-spray-50ml\/","og_site_name":"CAREISTA","article_modified_time":"2026-04-29T13:52:02+00:00","og_image":[{"width":800,"height":800,"url":"https:\/\/careista.ch\/wp-content\/uploads\/2026\/04\/500533-Perio-Balance-Interdental-Spray-50ml-800x800px-1.png","type":"image\/png"}],"twitter_card":"summary_large_image","twitter_misc":{"Dur\u00e9e de lecture estim\u00e9e":"1 minute"},"schema":{"@context":"https:\/\/schema.org","@graph":[{"@type":"WebPage","@id":"https:\/\/careista.ch\/fr\/produkte\/soins-buccaux-fr\/divers-soins-buccaux-fr\/edelwhite-perio-balance-interdental-spray-50ml\/","url":"https:\/\/careista.ch\/fr\/produkte\/soins-buccaux-fr\/divers-soins-buccaux-fr\/edelwhite-perio-balance-interdental-spray-50ml\/","name":"EDELWHITE Perio Balance Interdental Spray 50ml - CAREISTA","isPartOf":{"@id":"https:\/\/careista.ch\/fr\/#website"},"primaryImageOfPage":{"@id":"https:\/\/careista.ch\/fr\/produkte\/soins-buccaux-fr\/divers-soins-buccaux-fr\/edelwhite-perio-balance-interdental-spray-50ml\/#primaryimage"},"image":{"@id":"https:\/\/careista.ch\/fr\/produkte\/soins-buccaux-fr\/divers-soins-buccaux-fr\/edelwhite-perio-balance-interdental-spray-50ml\/#primaryimage"},"thumbnailUrl":"https:\/\/careista.ch\/wp-content\/uploads\/2026\/04\/500533-Perio-Balance-Interdental-Spray-50ml-800x800px-1.png","datePublished":"2026-04-29T13:10:04+00:00","dateModified":"2026-04-29T13:52:02+00:00","breadcrumb":{"@id":"https:\/\/careista.ch\/fr\/produkte\/soins-buccaux-fr\/divers-soins-buccaux-fr\/edelwhite-perio-balance-interdental-spray-50ml\/#breadcrumb"},"inLanguage":"fr-FR","potentialAction":[{"@type":"ReadAction","target":["https:\/\/careista.ch\/fr\/produkte\/soins-buccaux-fr\/divers-soins-buccaux-fr\/edelwhite-perio-balance-interdental-spray-50ml\/"]}]},{"@type":"ImageObject","inLanguage":"fr-FR","@id":"https:\/\/careista.ch\/fr\/produkte\/soins-buccaux-fr\/divers-soins-buccaux-fr\/edelwhite-perio-balance-interdental-spray-50ml\/#primaryimage","url":"https:\/\/careista.ch\/wp-content\/uploads\/2026\/04\/500533-Perio-Balance-Interdental-Spray-50ml-800x800px-1.png","contentUrl":"https:\/\/careista.ch\/wp-content\/uploads\/2026\/04\/500533-Perio-Balance-Interdental-Spray-50ml-800x800px-1.png","width":800,"height":800},{"@type":"BreadcrumbList","@id":"https:\/\/careista.ch\/fr\/produkte\/soins-buccaux-fr\/divers-soins-buccaux-fr\/edelwhite-perio-balance-interdental-spray-50ml\/#breadcrumb","itemListElement":[{"@type":"ListItem","position":1,"name":"Home","item":"https:\/\/careista.ch\/fr\/"},{"@type":"ListItem","position":2,"name":"Shop","item":"https:\/\/careista.ch\/fr\/shop\/"},{"@type":"ListItem","position":3,"name":"EDELWHITE Perio Balance Interdental Spray 50ml"}]},{"@type":"WebSite","@id":"https:\/\/careista.ch\/fr\/#website","url":"https:\/\/careista.ch\/fr\/","name":"CAREISTA","description":"Dein pers\u00f6nlicher Pflege-Barista","publisher":{"@id":"https:\/\/careista.ch\/fr\/#organization"},"potentialAction":[{"@type":"SearchAction","target":{"@type":"EntryPoint","urlTemplate":"https:\/\/careista.ch\/fr\/?s={search_term_string}"},"query-input":{"@type":"PropertyValueSpecification","valueRequired":true,"valueName":"search_term_string"}}],"inLanguage":"fr-FR"},{"@type":"Organization","@id":"https:\/\/careista.ch\/fr\/#organization","name":"CAREISTA","url":"https:\/\/careista.ch\/fr\/","logo":{"@type":"ImageObject","inLanguage":"fr-FR","@id":"https:\/\/careista.ch\/fr\/#\/schema\/logo\/image\/","url":"https:\/\/careista.ch\/wp-content\/uploads\/2025\/02\/Careista-Logo-S_rgb.svg.svg","contentUrl":"https:\/\/careista.ch\/wp-content\/uploads\/2025\/02\/Careista-Logo-S_rgb.svg.svg","caption":"CAREISTA"},"image":{"@id":"https:\/\/careista.ch\/fr\/#\/schema\/logo\/image\/"}}]}},"jetpack_sharing_enabled":true,"_links":{"self":[{"href":"https:\/\/careista.ch\/fr\/wp-json\/wp\/v2\/product\/20109","targetHints":{"allow":["GET"]}}],"collection":[{"href":"https:\/\/careista.ch\/fr\/wp-json\/wp\/v2\/product"}],"about":[{"href":"https:\/\/careista.ch\/fr\/wp-json\/wp\/v2\/types\/product"}],"replies":[{"embeddable":true,"href":"https:\/\/careista.ch\/fr\/wp-json\/wp\/v2\/comments?post=20109"}],"version-history":[{"count":6,"href":"https:\/\/careista.ch\/fr\/wp-json\/wp\/v2\/product\/20109\/revisions"}],"predecessor-version":[{"id":20124,"href":"https:\/\/careista.ch\/fr\/wp-json\/wp\/v2\/product\/20109\/revisions\/20124"}],"wp:featuredmedia":[{"embeddable":true,"href":"https:\/\/careista.ch\/fr\/wp-json\/wp\/v2\/media\/20117"}],"wp:attachment":[{"href":"https:\/\/careista.ch\/fr\/wp-json\/wp\/v2\/media?parent=20109"}],"wp:term":[{"taxonomy":"anwendung-kategorie","embeddable":true,"href":"https:\/\/careista.ch\/fr\/wp-json\/wp\/v2\/anwendung-kategorie?post=20109"},{"taxonomy":"anwendung","embeddable":true,"href":"https:\/\/careista.ch\/fr\/wp-json\/wp\/v2\/anwendung?post=20109"},{"taxonomy":"product_brand","embeddable":true,"href":"https:\/\/careista.ch\/fr\/wp-json\/wp\/v2\/product_brand?post=20109"},{"taxonomy":"product_cat","embeddable":true,"href":"https:\/\/careista.ch\/fr\/wp-json\/wp\/v2\/product_cat?post=20109"},{"taxonomy":"product_tag","embeddable":true,"href":"https:\/\/careista.ch\/fr\/wp-json\/wp\/v2\/product_tag?post=20109"}],"curies":[{"name":"wp","href":"https:\/\/api.w.org\/{rel}","templated":true}]}}